{"id":6135,"date":"2023-05-23T10:08:59","date_gmt":"2023-05-23T07:08:59","guid":{"rendered":"https:\/\/saint-nicholas-resort.com\/paiement-non-effectue\/"},"modified":"2023-05-25T13:18:00","modified_gmt":"2023-05-25T10:18:00","slug":"paiement-non-effectue","status":"publish","type":"page","link":"https:\/\/saint-nicholas-resort.com\/fr\/paiement-non-effectue\/","title":{"rendered":"Paiement non effectu\u00e9"},"content":{"rendered":"\n<p>Malheureusement, votre transaction ne peut \u00eatre finalis\u00e9e pour le moment. Veuillez r\u00e9essayer ou nous contacter.<\/p>\n","protected":false},"excerpt":{"rendered":"<p>Malheureusement, votre transaction ne peut \u00eatre finalis\u00e9e pour le moment. Veuillez r\u00e9essayer ou nous contacter.<\/p>\n","protected":false},"author":1,"featured_media":0,"parent":0,"menu_order":0,"comment_status":"closed","ping_status":"closed","template":"","meta":{"footnotes":""},"class_list":["post-6135","page","type-page","status-publish","hentry"],"aioseo_notices":[],"_links":{"self":[{"href":"https:\/\/saint-nicholas-resort.com\/fr\/wp-json\/wp\/v2\/pages\/6135","targetHints":{"allow":["GET"]}}],"collection":[{"href":"https:\/\/saint-nicholas-resort.com\/fr\/wp-json\/wp\/v2\/pages"}],"about":[{"href":"https:\/\/saint-nicholas-resort.com\/fr\/wp-json\/wp\/v2\/types\/page"}],"author":[{"embeddable":true,"href":"https:\/\/saint-nicholas-resort.com\/fr\/wp-json\/wp\/v2\/users\/1"}],"replies":[{"embeddable":true,"href":"https:\/\/saint-nicholas-resort.com\/fr\/wp-json\/wp\/v2\/comments?post=6135"}],"version-history":[{"count":1,"href":"https:\/\/saint-nicholas-resort.com\/fr\/wp-json\/wp\/v2\/pages\/6135\/revisions"}],"predecessor-version":[{"id":6137,"href":"https:\/\/saint-nicholas-resort.com\/fr\/wp-json\/wp\/v2\/pages\/6135\/revisions\/6137"}],"wp:attachment":[{"href":"https:\/\/saint-nicholas-resort.com\/fr\/wp-json\/wp\/v2\/media?parent=6135"}],"curies":[{"name":"wp","href":"https:\/\/api.w.org\/{rel}","templated":true}]}}