{"id":6069,"date":"2023-05-22T15:53:07","date_gmt":"2023-05-22T12:53:07","guid":{"rendered":"https:\/\/saint-nicholas-resort.com\/conditions-dutilisation\/"},"modified":"2023-05-25T17:08:45","modified_gmt":"2023-05-25T14:08:45","slug":"conditions-dutilisation","status":"publish","type":"page","link":"https:\/\/saint-nicholas-resort.com\/fr\/conditions-dutilisation\/","title":{"rendered":"Conditions d&#8217;utilisation"},"content":{"rendered":"\t\t<div data-elementor-type=\"wp-page\" data-elementor-id=\"6069\" class=\"elementor elementor-6069 elementor-4620\">\n\t\t\t\t\t\t\t\t\t<section class=\"elementor-section elementor-top-section elementor-element elementor-element-f6bec01 elementor-section-boxed elementor-section-height-default elementor-section-height-default\" data-id=\"f6bec01\" data-element_type=\"section\" data-settings=\"{&quot;hoteller_ext_is_background_parallax&quot;:&quot;false&quot;,&quot;hoteller_ext_is_background_on_scroll&quot;:&quot;false&quot;}\">\n\t\t\t\t\t\t<div class=\"elementor-container elementor-column-gap-default\">\n\t\t\t\t\t<div class=\"elementor-column elementor-col-100 elementor-top-column elementor-element elementor-element-e222dc4\" data-id=\"e222dc4\" data-element_type=\"column\" data-settings=\"{&quot;hoteller_ext_link_sidemenu&quot;:&quot;false&quot;,&quot;hoteller_ext_link_fullmenu&quot;:&quot;false&quot;,&quot;hoteller_ext_link_closed_fullmenu&quot;:&quot;false&quot;,&quot;hoteller_ext_is_scrollme&quot;:&quot;false&quot;,&quot;hoteller_ext_is_smoove&quot;:&quot;false&quot;,&quot;hoteller_ext_is_parallax_mouse&quot;:&quot;false&quot;,&quot;hoteller_ext_is_infinite&quot;:&quot;false&quot;,&quot;hoteller_ext_is_fadeout_animation&quot;:&quot;false&quot;,&quot;hoteller_ext_mobile_static&quot;:&quot;false&quot;}\">\n\t\t\t<div class=\"elementor-widget-wrap elementor-element-populated\">\n\t\t\t\t\t\t\t\t<div class=\"elementor-element elementor-element-6dabec9 elementor-widget elementor-widget-text-editor\" data-id=\"6dabec9\" data-element_type=\"widget\" data-settings=\"{&quot;hoteller_ext_link_sidemenu&quot;:&quot;false&quot;,&quot;hoteller_ext_link_fullmenu&quot;:&quot;false&quot;,&quot;hoteller_ext_link_closed_fullmenu&quot;:&quot;false&quot;,&quot;hoteller_ext_is_scrollme&quot;:&quot;false&quot;,&quot;hoteller_ext_is_smoove&quot;:&quot;false&quot;,&quot;hoteller_ext_is_parallax_mouse&quot;:&quot;false&quot;,&quot;hoteller_ext_is_infinite&quot;:&quot;false&quot;,&quot;hoteller_ext_is_fadeout_animation&quot;:&quot;false&quot;,&quot;hoteller_ext_mobile_static&quot;:&quot;false&quot;}\" data-widget_type=\"text-editor.default\">\n\t\t\t\t<div class=\"elementor-widget-container\">\n\t\t\t<style>\/*! elementor - v3.13.0 - 08-05-2023 *\/\n.elementor-widget-text-editor.elementor-drop-cap-view-stacked .elementor-drop-cap{background-color:#69727d;color:#fff}.elementor-widget-text-editor.elementor-drop-cap-view-framed .elementor-drop-cap{color:#69727d;border:3px solid;background-color:transparent}.elementor-widget-text-editor:not(.elementor-drop-cap-view-default) .elementor-drop-cap{margin-top:8px}.elementor-widget-text-editor:not(.elementor-drop-cap-view-default) .elementor-drop-cap-letter{width:1em;height:1em}.elementor-widget-text-editor .elementor-drop-cap{float:left;text-align:center;line-height:1;font-size:50px}.elementor-widget-text-editor .elementor-drop-cap-letter{display:inline-block}<\/style>\t\t\t\t<p>Conditions g\u00e9n\u00e9rales d&#8217;utilisation<\/p><p>Bienvenue \u00e0 Saint Nicholas Resort !<\/p><p>Les pr\u00e9sentes conditions g\u00e9n\u00e9rales d\u00e9finissent les r\u00e8gles d&#8217;utilisation du site Internet de Saint Nicholas Resort, situ\u00e9 \u00e0 saint-nicholas-resort.com.<\/p><p>En acc\u00e9dant \u00e0 ce site web, nous supposons que vous acceptez ces conditions g\u00e9n\u00e9rales. Ne continuez pas \u00e0 utiliser Saint Nicholas Resort si vous n&#8217;acceptez pas tous les termes et conditions \u00e9nonc\u00e9s sur cette page.<\/p><p>La terminologie suivante s&#8217;applique aux pr\u00e9sentes conditions g\u00e9n\u00e9rales, \u00e0 la d\u00e9claration de confidentialit\u00e9, \u00e0 l&#8217;avis de non-responsabilit\u00e9 et \u00e0 tous les accords : &#8220;Client&#8221;, &#8220;Vous&#8221; et &#8220;Votre&#8221; se r\u00e9f\u00e8rent \u00e0 vous, la personne qui se connecte \u00e0 ce site web et qui se conforme aux conditions g\u00e9n\u00e9rales de l&#8217;Entreprise. &#8220;La Soci\u00e9t\u00e9&#8221;, &#8220;Nous&#8221;, &#8220;Nous&#8221;, &#8220;Notre&#8221; et &#8220;Nos&#8221;, se r\u00e9f\u00e8re \u00e0 notre Soci\u00e9t\u00e9. Les termes &#8220;partie&#8221;, &#8220;parties&#8221; ou &#8220;nous&#8221; d\u00e9signent \u00e0 la fois le client et nous-m\u00eames. Tous les termes se r\u00e9f\u00e8rent \u00e0 l&#8217;offre, \u00e0 l&#8217;acceptation et \u00e0 la consid\u00e9ration du paiement n\u00e9cessaire pour entreprendre le processus de notre assistance au Client de la mani\u00e8re la plus appropri\u00e9e dans le but expr\u00e8s de r\u00e9pondre aux besoins du Client en ce qui concerne la fourniture des services d\u00e9clar\u00e9s de la Soci\u00e9t\u00e9, conform\u00e9ment et sous r\u00e9serve de la loi en vigueur du GR. Toute utilisation de la terminologie ci-dessus ou d&#8217;autres mots au singulier, au pluriel, avec une majuscule et\/ou il\/elle ou ils\/elles, sont consid\u00e9r\u00e9s comme interchangeables et donc comme se r\u00e9f\u00e9rant \u00e0 la m\u00eame chose.<\/p><p>Cookies<\/p><p>Nous utilisons des cookies. En acc\u00e9dant \u00e0 Saint Nicholas Resort, vous acceptez d&#8217;utiliser des cookies en accord avec la politique de confidentialit\u00e9 de Saint Nicholas Resort.<\/p><p>La plupart des sites web interactifs utilisent des cookies pour nous permettre de r\u00e9cup\u00e9rer les d\u00e9tails de l&#8217;utilisateur \u00e0 chaque visite. Les cookies sont utilis\u00e9s par notre site web pour permettre la fonctionnalit\u00e9 de certaines zones afin de faciliter la t\u00e2che des personnes qui visitent notre site web. Certains de nos partenaires affili\u00e9s\/publicitaires peuvent \u00e9galement utiliser des cookies.<\/p><p>Licence<\/p><p>Sauf indication contraire, Saint Nicholas Resort et\/ou ses conc\u00e9dants de licence d\u00e9tiennent les droits de propri\u00e9t\u00e9 intellectuelle pour tout le mat\u00e9riel sur Saint Nicholas Resort. Tous les droits de propri\u00e9t\u00e9 intellectuelle sont r\u00e9serv\u00e9s. Vous pouvez acc\u00e9der \u00e0 ce site de Saint Nicholas Resort pour votre usage personnel, sous r\u00e9serve des restrictions d\u00e9finies dans les pr\u00e9sentes conditions g\u00e9n\u00e9rales.<\/p><p>Vous ne devez pas<\/p><p>Republier le contenu de Saint Nicholas Resort<br \/>Vendre, louer ou donner en sous-licence du mat\u00e9riel provenant de Saint Nicholas Resort<br \/>Reproduire, dupliquer ou copier le contenu de Saint Nicholas Resort<br \/>Redistribuer le contenu de Saint Nicholas Resort.<\/p><p>Certaines parties de ce site Internet offrent aux utilisateurs la possibilit\u00e9 de publier et d&#8217;\u00e9changer des opinions et des informations dans certaines zones du site. Saint Nicholas Resort ne filtre pas, n&#8217;\u00e9dite pas, ne publie pas et ne r\u00e9vise pas les Commentaires avant leur pr\u00e9sence sur le site web. Les commentaires ne refl\u00e8tent pas les points de vue et les opinions de Saint Nicholas Resort, de ses agents et\/ou de ses affili\u00e9s. Les commentaires refl\u00e8tent les points de vue et les opinions de la personne qui les a publi\u00e9s. Dans la mesure permise par les lois applicables, Saint Nicholas Resort n&#8217;est pas responsable des Commentaires ou de toute responsabilit\u00e9, dommage ou d\u00e9pense caus\u00e9(e) et\/ou subi(e) suite \u00e0 l&#8217;utilisation et\/ou \u00e0 la publication et\/ou \u00e0 l&#8217;apparition des Commentaires sur ce site web.<br \/><br \/>Saint Nicholas Resort se r\u00e9serve le droit de contr\u00f4ler tous les Commentaires et de supprimer tous les Commentaires qui peuvent \u00eatre consid\u00e9r\u00e9s comme inappropri\u00e9s, offensants ou qui constituent une violation des pr\u00e9sentes Conditions g\u00e9n\u00e9rales.<br \/><br \/>Vous garantissez et d\u00e9clarez que :<br \/><br \/>Vous avez le droit de publier les Commentaires sur notre site web et vous disposez de toutes les licences et de tous les consentements n\u00e9cessaires pour le faire ;<br \/>Les commentaires n&#8217;enfreignent aucun droit de propri\u00e9t\u00e9 intellectuelle, y compris, mais sans s&#8217;y limiter, les droits d&#8217;auteur, les brevets ou les marques d\u00e9pos\u00e9es d&#8217;un tiers ;<br \/>Les commentaires ne contiennent pas de mat\u00e9riel diffamatoire, offensant, ind\u00e9cent ou autrement ill\u00e9gal qui porte atteinte \u00e0 la vie priv\u00e9e.<br \/>Les Commentaires ne seront pas utilis\u00e9s pour solliciter ou promouvoir des affaires ou des coutumes ou pour pr\u00e9senter des activit\u00e9s commerciales ou des activit\u00e9s ill\u00e9gales.<br \/><br \/>Vous accordez par la pr\u00e9sente \u00e0 Saint Nicholas Resort une licence non exclusive pour utiliser, reproduire, \u00e9diter et autoriser d&#8217;autres personnes \u00e0 utiliser, reproduire et \u00e9diter n&#8217;importe lequel de vos Commentaires sous n&#8217;importe quelle forme, format ou m\u00e9dia.<br \/><br \/>Hyperliens vers notre contenu<br \/><br \/>Les organisations suivantes peuvent cr\u00e9er des liens vers notre Site Internet sans autorisation \u00e9crite pr\u00e9alable :<br \/><br \/>Agences gouvernementales ;<br \/>les moteurs de recherche<br \/>Organismes de presse ;<br \/>Les distributeurs d&#8217;annuaires en ligne peuvent \u00e9tablir un lien avec notre site web de la m\u00eame mani\u00e8re qu&#8217;ils \u00e9tablissent un hyperlien avec les sites web d&#8217;autres entreprises r\u00e9pertori\u00e9es ; et<br \/>Les entreprises accr\u00e9dit\u00e9es \u00e0 l&#8217;\u00e9chelle du syst\u00e8me, \u00e0 l&#8217;exception des organisations \u00e0 but non lucratif, des centres commerciaux caritatifs et des groupes de collecte de fonds caritatifs, qui ne peuvent pas \u00e9tablir de lien hypertexte avec notre site web.<br \/><br \/>Ces organisations peuvent \u00e9tablir un lien vers notre page d&#8217;accueil, vers des publications ou vers d&#8217;autres informations du site web, \u00e0 condition que le lien : (a) ne soit en aucun cas trompeur ; (b) n&#8217;implique pas faussement un parrainage, un soutien ou une approbation de la partie qui \u00e9tablit le lien et de ses produits et\/ou services ; et (c) s&#8217;inscrive dans le contexte du site de la partie qui \u00e9tablit le lien.<br \/><br \/>Nous pouvons prendre en consid\u00e9ration et approuver d&#8217;autres demandes de liens \u00e9manant des types d&#8217;organisations suivants :<br \/><br \/>les sources d&#8217;information connues des consommateurs et\/ou des entreprises ;<br \/>les sites communautaires point.com<br \/>associations ou autres groupes repr\u00e9sentant des \u0153uvres de bienfaisance ;<br \/>distributeurs d&#8217;annuaires en ligne ;<br \/>portails internet ;<br \/>les cabinets comptables, juridiques et de conseil ; et<br \/>les \u00e9tablissements d&#8217;enseignement et les associations commerciales.<\/p><p>Nous approuverons les demandes de liens \u00e9manant de ces organisations si nous d\u00e9cidons que : (a) le lien ne nous donne pas une image d\u00e9favorable de nous-m\u00eames ou de nos entreprises accr\u00e9dit\u00e9es ; (b) l&#8217;organisation n&#8217;a pas d&#8217;ant\u00e9c\u00e9dents n\u00e9gatifs avec nous ; (c) l&#8217;avantage que nous tirons de la visibilit\u00e9 du lien hypertexte compense l&#8217;absence de Saint Nicholas Resort ; et (d) le lien s&#8217;inscrit dans le cadre d&#8217;informations g\u00e9n\u00e9rales.<\/p><p>Ces organisations peuvent \u00e9tablir un lien avec notre page d&#8217;accueil \u00e0 condition que le lien : (a) n&#8217;est en aucun cas trompeur ; (b) n&#8217;implique pas faussement un parrainage, un soutien ou une approbation de la partie qui \u00e9tablit le lien et de ses produits ou services ; et (c) s&#8217;inscrit dans le contexte du site de la partie qui \u00e9tablit le lien.<\/p><p>Si vous \u00eates l&#8217;une des organisations \u00e9num\u00e9r\u00e9es au paragraphe 2 ci-dessus et que vous souhaitez cr\u00e9er un lien vers notre site web, vous devez nous en informer en envoyant un e-mail \u00e0 Saint Nicholas Resort. Veuillez inclure votre nom, le nom de votre organisation, vos coordonn\u00e9es ainsi que l&#8217;URL de votre site, une liste de tous les URL \u00e0 partir desquels vous avez l&#8217;intention de cr\u00e9er un lien vers notre site web, et une liste des URL de notre site vers lesquels vous aimeriez cr\u00e9er un lien. Attendez 2 \u00e0 3 semaines pour obtenir une r\u00e9ponse.<\/p><p>Les organisations agr\u00e9\u00e9es peuvent cr\u00e9er un lien hypertexte vers notre site web de la mani\u00e8re suivante :<\/p><p>en utilisant notre raison sociale ; ou<br \/>en utilisant le localisateur de ressources uniformes vers lequel le lien est \u00e9tabli ; ou<br \/>en utilisant toute autre description de notre site web qui a un sens dans le contexte et le format du contenu du site de la partie qui \u00e9tablit le lien.<\/p><p>Aucune utilisation du logo de Saint Nicholas Resort ou d&#8217;autres \u0153uvres d&#8217;art ne sera autoris\u00e9e pour la cr\u00e9ation de liens en l&#8217;absence d&#8217;un accord de licence de marque.<\/p><p>iFrames<\/p><p>Sans accord pr\u00e9alable et autorisation \u00e9crite, vous ne pouvez pas cr\u00e9er de cadres autour de nos pages Web qui modifient de quelque mani\u00e8re que ce soit la pr\u00e9sentation visuelle ou l&#8217;apparence de notre site Web.<\/p><p>Responsabilit\u00e9 du contenu<\/p><p>Nous ne pouvons \u00eatre tenus responsables du contenu qui appara\u00eet sur votre site web. Vous acceptez de nous prot\u00e9ger et de nous d\u00e9fendre contre toute r\u00e9clamation concernant le contenu de votre site web. Aucun lien ne doit appara\u00eetre sur un site web qui pourrait \u00eatre interpr\u00e9t\u00e9 comme diffamatoire, obsc\u00e8ne ou criminel, ou qui enfreint, viole ou pr\u00e9conise l&#8217;enfreinte ou la violation des droits d&#8217;un tiers.<\/p><p>R\u00e9serve de droits<\/p><p>Nous nous r\u00e9servons le droit de vous demander de supprimer tous les liens ou un lien particulier vers notre site web. Vous acceptez de supprimer imm\u00e9diatement tous les liens vers notre site web sur demande. Nous nous r\u00e9servons \u00e9galement le droit de modifier \u00e0 tout moment les pr\u00e9sentes conditions g\u00e9n\u00e9rales et sa politique en mati\u00e8re de liens. En continuant \u00e0 \u00e9tablir des liens vers notre site web, vous acceptez d&#8217;\u00eatre li\u00e9 \u00e0 ces conditions g\u00e9n\u00e9rales et de les respecter.<\/p><p>Suppression de liens sur notre site web<\/p><p>Si vous trouvez un lien sur notre site web qui est offensant pour quelque raison que ce soit, vous \u00eates libre de nous contacter et de nous en informer \u00e0 tout moment. Nous examinerons les demandes de suppression de liens, mais nous ne sommes pas oblig\u00e9s de le faire ou de vous r\u00e9pondre directement.<\/p><p>Nous ne garantissons pas que les informations figurant sur ce site web sont correctes, ni qu&#8217;elles sont compl\u00e8tes ou exactes ; nous ne promettons pas non plus de veiller \u00e0 ce que le site web reste disponible ou \u00e0 ce que le mat\u00e9riel figurant sur le site web soit tenu \u00e0 jour.<\/p><p>Clause de non-responsabilit\u00e9<\/p><p>Dans toute la mesure permise par la loi applicable, nous excluons toutes les repr\u00e9sentations, garanties et conditions relatives \u00e0 notre site web et \u00e0 son utilisation. Aucune disposition de la pr\u00e9sente clause de non-responsabilit\u00e9 ne<\/p><p>limiter ou exclure notre ou votre responsabilit\u00e9 en cas de d\u00e9c\u00e8s ou de dommages corporels ;<br \/>limiter ou exclure notre ou votre responsabilit\u00e9 en cas de fraude ou de d\u00e9claration frauduleuse ;<br \/>limiter nos responsabilit\u00e9s ou les v\u00f4tres d&#8217;une mani\u00e8re qui ne serait pas autoris\u00e9e par la loi applicable ; ou<br \/>exclure l&#8217;une quelconque de nos ou de vos responsabilit\u00e9s qui ne peuvent \u00eatre exclues en vertu de la loi applicable.<\/p><p>Les limitations et interdictions de responsabilit\u00e9 \u00e9nonc\u00e9es dans la pr\u00e9sente section et ailleurs dans la pr\u00e9sente clause de non-responsabilit\u00e9 : (a) sont soumises au paragraphe pr\u00e9c\u00e9dent ; et (b) r\u00e9gissent toutes les responsabilit\u00e9s d\u00e9coulant de la clause de non-responsabilit\u00e9, y compris les responsabilit\u00e9s contractuelles, d\u00e9lictuelles et en cas de violation d&#8217;une obligation l\u00e9gale.<\/p><p>Tant que le site web et les informations et services qu&#8217;il contient sont fournis gratuitement, nous ne sommes pas responsables des pertes ou dommages de quelque nature que ce soit.<\/p>\t\t\t\t\t\t<\/div>\n\t\t\t\t<\/div>\n\t\t\t\t\t<\/div>\n\t\t<\/div>\n\t\t\t\t\t\t\t<\/div>\n\t\t<\/section>\n\t\t\t\t\t\t\t<\/div>\n\t\t","protected":false},"excerpt":{"rendered":"<p>Conditions g\u00e9n\u00e9rales d&#8217;utilisation Bienvenue \u00e0 Saint Nicholas Resort ! Les pr\u00e9sentes conditions g\u00e9n\u00e9rales d\u00e9finissent les r\u00e8gles d&#8217;utilisation du site Internet de Saint Nicholas Resort, situ\u00e9 \u00e0 saint-nicholas-resort.com. En acc\u00e9dant \u00e0 ce site web, nous supposons que vous acceptez ces conditions [&hellip;]<\/p>\n","protected":false},"author":1,"featured_media":0,"parent":0,"menu_order":0,"comment_status":"closed","ping_status":"closed","template":"","meta":{"footnotes":""},"class_list":["post-6069","page","type-page","status-publish","hentry"],"aioseo_notices":[],"_links":{"self":[{"href":"https:\/\/saint-nicholas-resort.com\/fr\/wp-json\/wp\/v2\/pages\/6069","targetHints":{"allow":["GET"]}}],"collection":[{"href":"https:\/\/saint-nicholas-resort.com\/fr\/wp-json\/wp\/v2\/pages"}],"about":[{"href":"https:\/\/saint-nicholas-resort.com\/fr\/wp-json\/wp\/v2\/types\/page"}],"author":[{"embeddable":true,"href":"https:\/\/saint-nicholas-resort.com\/fr\/wp-json\/wp\/v2\/users\/1"}],"replies":[{"embeddable":true,"href":"https:\/\/saint-nicholas-resort.com\/fr\/wp-json\/wp\/v2\/comments?post=6069"}],"version-history":[{"count":3,"href":"https:\/\/saint-nicholas-resort.com\/fr\/wp-json\/wp\/v2\/pages\/6069\/revisions"}],"predecessor-version":[{"id":6991,"href":"https:\/\/saint-nicholas-resort.com\/fr\/wp-json\/wp\/v2\/pages\/6069\/revisions\/6991"}],"wp:attachment":[{"href":"https:\/\/saint-nicholas-resort.com\/fr\/wp-json\/wp\/v2\/media?parent=6069"}],"curies":[{"name":"wp","href":"https:\/\/api.w.org\/{rel}","templated":true}]}}