{"id":6028,"date":"2023-05-22T15:37:22","date_gmt":"2023-05-22T12:37:22","guid":{"rendered":"https:\/\/saint-nicholas-resort.com\/informations-sur-les-reservations\/"},"modified":"2023-06-02T11:50:38","modified_gmt":"2023-06-02T08:50:38","slug":"informations-sur-les-reservations","status":"publish","type":"page","link":"https:\/\/saint-nicholas-resort.com\/fr\/informations-sur-les-reservations\/","title":{"rendered":"Informations sur les r\u00e9servations"},"content":{"rendered":"\t\t<div data-elementor-type=\"wp-page\" data-elementor-id=\"6028\" class=\"elementor elementor-6028 elementor-4600\">\n\t\t\t\t\t\t\t\t\t<section class=\"elementor-section elementor-top-section elementor-element elementor-element-bb8a955 elementor-section-boxed elementor-section-height-default elementor-section-height-default\" data-id=\"bb8a955\" data-element_type=\"section\" data-settings=\"{&quot;hoteller_ext_is_background_parallax&quot;:&quot;false&quot;,&quot;hoteller_ext_is_background_on_scroll&quot;:&quot;false&quot;}\">\n\t\t\t\t\t\t<div class=\"elementor-container elementor-column-gap-default\">\n\t\t\t\t\t<div class=\"elementor-column elementor-col-100 elementor-top-column elementor-element elementor-element-5cdd41d\" data-id=\"5cdd41d\" data-element_type=\"column\" data-settings=\"{&quot;hoteller_ext_link_sidemenu&quot;:&quot;false&quot;,&quot;hoteller_ext_link_fullmenu&quot;:&quot;false&quot;,&quot;hoteller_ext_link_closed_fullmenu&quot;:&quot;false&quot;,&quot;hoteller_ext_is_scrollme&quot;:&quot;false&quot;,&quot;hoteller_ext_is_smoove&quot;:&quot;false&quot;,&quot;hoteller_ext_is_parallax_mouse&quot;:&quot;false&quot;,&quot;hoteller_ext_is_infinite&quot;:&quot;false&quot;,&quot;hoteller_ext_is_fadeout_animation&quot;:&quot;false&quot;,&quot;hoteller_ext_mobile_static&quot;:&quot;false&quot;}\">\n\t\t\t<div class=\"elementor-widget-wrap elementor-element-populated\">\n\t\t\t\t\t\t\t\t<div class=\"elementor-element elementor-element-f995a89 elementor-widget elementor-widget-text-editor\" data-id=\"f995a89\" data-element_type=\"widget\" data-settings=\"{&quot;hoteller_ext_link_sidemenu&quot;:&quot;false&quot;,&quot;hoteller_ext_link_fullmenu&quot;:&quot;false&quot;,&quot;hoteller_ext_link_closed_fullmenu&quot;:&quot;false&quot;,&quot;hoteller_ext_is_scrollme&quot;:&quot;false&quot;,&quot;hoteller_ext_is_smoove&quot;:&quot;false&quot;,&quot;hoteller_ext_is_parallax_mouse&quot;:&quot;false&quot;,&quot;hoteller_ext_is_infinite&quot;:&quot;false&quot;,&quot;hoteller_ext_is_fadeout_animation&quot;:&quot;false&quot;,&quot;hoteller_ext_mobile_static&quot;:&quot;false&quot;}\" data-widget_type=\"text-editor.default\">\n\t\t\t\t<div class=\"elementor-widget-container\">\n\t\t\t<style>\/*! elementor - v3.13.0 - 08-05-2023 *\/\n.elementor-widget-text-editor.elementor-drop-cap-view-stacked .elementor-drop-cap{background-color:#69727d;color:#fff}.elementor-widget-text-editor.elementor-drop-cap-view-framed .elementor-drop-cap{color:#69727d;border:3px solid;background-color:transparent}.elementor-widget-text-editor:not(.elementor-drop-cap-view-default) .elementor-drop-cap{margin-top:8px}.elementor-widget-text-editor:not(.elementor-drop-cap-view-default) .elementor-drop-cap-letter{width:1em;height:1em}.elementor-widget-text-editor .elementor-drop-cap{float:left;text-align:center;line-height:1;font-size:50px}.elementor-widget-text-editor .elementor-drop-cap-letter{display:inline-block}<\/style>\t\t\t\t<p><strong>Check In:<\/strong><\/p>\n<p>De 14:00<\/p>\n<p class=\"hp-checkin-extra\">Les clients doivent pr\u00e9senter une pi\u00e8ce d&#8217;identit\u00e9 avec photo lors de l&#8217;enregistrement.<br \/>\u00c0 votre arriv\u00e9e, un h\u00f4te sera l\u00e0 pour vous accueillir et vous guider dans la villa.<\/p>\n<hr>\n<p><strong>Check Out:<\/strong><\/p>\n<p>Jusqu&#8217;\u00e0 11h00<\/p>\n<p><strong>Est-il permis de fumer ?<\/strong><\/p>\n<p>Il est interdit de fumer \u00e0 l&#8217;int\u00e9rieur, mais seulement \u00e0 l&#8217;ext\u00e9rieur.<\/p>\n<hr>\n<p><strong>Animaux de compagnie :<\/strong><\/p>\n<p>Les animaux domestiques sont les bienvenus au Saint Nicholas Resort.<\/p>\n<hr>\n<p><strong>Fournissez-vous un service de transfert vers le port ?<\/strong><\/p>\n<p>Oui, nous proposons des transferts priv\u00e9s depuis\/vers le port de Kythnos. Le port de Merichas est situ\u00e9 \u00e0 10 km de Saint Nicholas Resort.<\/p>\n<hr>\n<p><strong>Offrez-vous un transfert vers l&#8217;h\u00e9liport ?<\/strong><\/p>\n<p>Oui, nous proposons des transferts priv\u00e9s depuis\/vers l&#8217;h\u00e9liport de Kythnos. L&#8217;h\u00e9liport est situ\u00e9 \u00e0 300 m\u00e8tres du Saint Nicholas Resort.<\/p>\n<hr>\n<p><strong>Acc\u00e8s \u00e0 la station Saint-Nicolas<\/strong><\/p>\n<p>Vous pouvez facilement acc\u00e9der \u00e0 Saint Nicholas Resort en voiture, en h\u00e9licopt\u00e8re ou en bateau.<\/p>\n<p>Le port de Merichas est accessible depuis le port du Pir\u00e9e (Ath\u00e8nes) et d&#8217;autres ports des \u00eeles voisines. Vous pouvez toujours acc\u00e9der \u00e0 l&#8217;\u00eele par h\u00e9licopt\u00e8re, puisqu&#8217;il existe un h\u00e9liport local, ou par bateau priv\u00e9.<\/p>\n<hr>\n<p><strong>Politique d&#8217;annulation et de paiement :<\/strong><\/p>\n<p>Les conditions d&#8217;annulation et de paiement varient selon le type d&#8217;h\u00e9bergement. Veuillez v\u00e9rifier <a id=\"rm_cond_link\" href=\"https:\/\/saint-nicholas-resort.com\/fr\/politique-dannulation-des-reservations\/\">les conditions<\/a> qui peuvent s&#8217;appliquer \u00e0 votre s\u00e9lection.<\/p>\n\t\t\t\t\t\t<\/div>\n\t\t\t\t<\/div>\n\t\t\t\t\t<\/div>\n\t\t<\/div>\n\t\t\t\t\t\t\t<\/div>\n\t\t<\/section>\n\t\t\t\t\t\t\t<\/div>\n\t\t","protected":false},"excerpt":{"rendered":"<p>Check In: De 14:00 Les clients doivent pr\u00e9senter une pi\u00e8ce d&#8217;identit\u00e9 avec photo lors de l&#8217;enregistrement.\u00c0 votre arriv\u00e9e, un h\u00f4te sera l\u00e0 pour vous accueillir et vous guider dans la villa. Check Out: Jusqu&#8217;\u00e0 11h00 Est-il permis de fumer ? [&hellip;]<\/p>\n","protected":false},"author":1,"featured_media":0,"parent":0,"menu_order":0,"comment_status":"closed","ping_status":"closed","template":"","meta":{"footnotes":""},"class_list":["post-6028","page","type-page","status-publish","hentry"],"aioseo_notices":[],"_links":{"self":[{"href":"https:\/\/saint-nicholas-resort.com\/fr\/wp-json\/wp\/v2\/pages\/6028","targetHints":{"allow":["GET"]}}],"collection":[{"href":"https:\/\/saint-nicholas-resort.com\/fr\/wp-json\/wp\/v2\/pages"}],"about":[{"href":"https:\/\/saint-nicholas-resort.com\/fr\/wp-json\/wp\/v2\/types\/page"}],"author":[{"embeddable":true,"href":"https:\/\/saint-nicholas-resort.com\/fr\/wp-json\/wp\/v2\/users\/1"}],"replies":[{"embeddable":true,"href":"https:\/\/saint-nicholas-resort.com\/fr\/wp-json\/wp\/v2\/comments?post=6028"}],"version-history":[{"count":3,"href":"https:\/\/saint-nicholas-resort.com\/fr\/wp-json\/wp\/v2\/pages\/6028\/revisions"}],"predecessor-version":[{"id":7329,"href":"https:\/\/saint-nicholas-resort.com\/fr\/wp-json\/wp\/v2\/pages\/6028\/revisions\/7329"}],"wp:attachment":[{"href":"https:\/\/saint-nicholas-resort.com\/fr\/wp-json\/wp\/v2\/media?parent=6028"}],"curies":[{"name":"wp","href":"https:\/\/api.w.org\/{rel}","templated":true}]}}