{"id":6015,"date":"2023-05-23T09:55:52","date_gmt":"2023-05-23T06:55:52","guid":{"rendered":"https:\/\/saint-nicholas-resort.com\/politique-dannulation-des-reservations\/"},"modified":"2024-06-25T10:02:34","modified_gmt":"2024-06-25T07:02:34","slug":"politique-dannulation-des-reservations","status":"publish","type":"page","link":"https:\/\/saint-nicholas-resort.com\/fr\/politique-dannulation-des-reservations\/","title":{"rendered":"Politique d&#8217;annulation des r\u00e9servations"},"content":{"rendered":"\n<p><strong>Politique d&#8217;annulation stricte :<\/strong><\/p>\n\n<p>Les annulations effectu\u00e9es <strong>dans les 48 heures<\/strong> suivant la r\u00e9servation sont <strong>int\u00e9gralement rembours\u00e9es<\/strong> si la date d&#8217;arriv\u00e9e est \u00e9loign\u00e9e d&#8217;au moins 14 jours.<\/p>\n\n<p>Les annulations effectu\u00e9es <strong>au moins 7 jours<\/strong> avant l&#8217;arriv\u00e9e donnent lieu \u00e0 un<strong> remboursement de 50 %<\/strong>.<\/p>\n\n<p><strong>Aucun remboursement<\/strong> pour les annulations effectu\u00e9es <strong>dans les 7 jours<\/strong> pr\u00e9c\u00e9dant l&#8217;arriv\u00e9e.<\/p>\n\n<p>Veuillez noter que vous devez r\u00e9server votre chambre au moins 24 heures avant votre arriv\u00e9e et qu&#8217;il y a un s\u00e9jour minimum de 2 nuits au Saint Nicholas Resort.<br\/>Aucun pr\u00e9paiement n&#8217;est n\u00e9cessaire. Nous ne demandons qu&#8217;un petit acompte de 30% du montant total du paiement. <\/p>\n\n<p><br\/>Le montant r\u00e9siduel sera pay\u00e9 \u00e0 votre arriv\u00e9e \u00e0 la propri\u00e9t\u00e9.<\/p>\n\n<p>Nous acceptons les paiements en esp\u00e8ces ou par carte de cr\u00e9dit\/d\u00e9bit.<\/p>\n","protected":false},"excerpt":{"rendered":"<p>Politique d&#8217;annulation stricte : Les annulations effectu\u00e9es dans les 48 heures suivant la r\u00e9servation sont int\u00e9gralement rembours\u00e9es si la date d&#8217;arriv\u00e9e est \u00e9loign\u00e9e d&#8217;au moins 14 jours. Les annulations effectu\u00e9es au moins 7 jours avant l&#8217;arriv\u00e9e donnent lieu \u00e0 un [&hellip;]<\/p>\n","protected":false},"author":1,"featured_media":0,"parent":0,"menu_order":0,"comment_status":"closed","ping_status":"closed","template":"","meta":{"footnotes":""},"class_list":["post-6015","page","type-page","status-publish","hentry"],"aioseo_notices":[],"_links":{"self":[{"href":"https:\/\/saint-nicholas-resort.com\/fr\/wp-json\/wp\/v2\/pages\/6015","targetHints":{"allow":["GET"]}}],"collection":[{"href":"https:\/\/saint-nicholas-resort.com\/fr\/wp-json\/wp\/v2\/pages"}],"about":[{"href":"https:\/\/saint-nicholas-resort.com\/fr\/wp-json\/wp\/v2\/types\/page"}],"author":[{"embeddable":true,"href":"https:\/\/saint-nicholas-resort.com\/fr\/wp-json\/wp\/v2\/users\/1"}],"replies":[{"embeddable":true,"href":"https:\/\/saint-nicholas-resort.com\/fr\/wp-json\/wp\/v2\/comments?post=6015"}],"version-history":[{"count":3,"href":"https:\/\/saint-nicholas-resort.com\/fr\/wp-json\/wp\/v2\/pages\/6015\/revisions"}],"predecessor-version":[{"id":7334,"href":"https:\/\/saint-nicholas-resort.com\/fr\/wp-json\/wp\/v2\/pages\/6015\/revisions\/7334"}],"wp:attachment":[{"href":"https:\/\/saint-nicholas-resort.com\/fr\/wp-json\/wp\/v2\/media?parent=6015"}],"curies":[{"name":"wp","href":"https:\/\/api.w.org\/{rel}","templated":true}]}}