{"id":6026,"date":"2023-05-22T15:37:22","date_gmt":"2023-05-22T12:37:22","guid":{"rendered":"https:\/\/saint-nicholas-resort.com\/informationen-zur-buchung\/"},"modified":"2023-06-02T11:52:56","modified_gmt":"2023-06-02T08:52:56","slug":"informationen-zur-buchung","status":"publish","type":"page","link":"https:\/\/saint-nicholas-resort.com\/de\/informationen-zur-buchung\/","title":{"rendered":"Informationen zur Buchung"},"content":{"rendered":"\t\t<div data-elementor-type=\"wp-page\" data-elementor-id=\"6026\" class=\"elementor elementor-6026 elementor-4600\">\n\t\t\t\t\t\t\t\t\t<section class=\"elementor-section elementor-top-section elementor-element elementor-element-bb8a955 elementor-section-boxed elementor-section-height-default elementor-section-height-default\" data-id=\"bb8a955\" data-element_type=\"section\" data-settings=\"{&quot;hoteller_ext_is_background_parallax&quot;:&quot;false&quot;,&quot;hoteller_ext_is_background_on_scroll&quot;:&quot;false&quot;}\">\n\t\t\t\t\t\t<div class=\"elementor-container elementor-column-gap-default\">\n\t\t\t\t\t<div class=\"elementor-column elementor-col-100 elementor-top-column elementor-element elementor-element-5cdd41d\" data-id=\"5cdd41d\" data-element_type=\"column\" data-settings=\"{&quot;hoteller_ext_link_sidemenu&quot;:&quot;false&quot;,&quot;hoteller_ext_link_fullmenu&quot;:&quot;false&quot;,&quot;hoteller_ext_link_closed_fullmenu&quot;:&quot;false&quot;,&quot;hoteller_ext_is_scrollme&quot;:&quot;false&quot;,&quot;hoteller_ext_is_smoove&quot;:&quot;false&quot;,&quot;hoteller_ext_is_parallax_mouse&quot;:&quot;false&quot;,&quot;hoteller_ext_is_infinite&quot;:&quot;false&quot;,&quot;hoteller_ext_is_fadeout_animation&quot;:&quot;false&quot;,&quot;hoteller_ext_mobile_static&quot;:&quot;false&quot;}\">\n\t\t\t<div class=\"elementor-widget-wrap elementor-element-populated\">\n\t\t\t\t\t\t\t\t<div class=\"elementor-element elementor-element-f995a89 elementor-widget elementor-widget-text-editor\" data-id=\"f995a89\" data-element_type=\"widget\" data-settings=\"{&quot;hoteller_ext_link_sidemenu&quot;:&quot;false&quot;,&quot;hoteller_ext_link_fullmenu&quot;:&quot;false&quot;,&quot;hoteller_ext_link_closed_fullmenu&quot;:&quot;false&quot;,&quot;hoteller_ext_is_scrollme&quot;:&quot;false&quot;,&quot;hoteller_ext_is_smoove&quot;:&quot;false&quot;,&quot;hoteller_ext_is_parallax_mouse&quot;:&quot;false&quot;,&quot;hoteller_ext_is_infinite&quot;:&quot;false&quot;,&quot;hoteller_ext_is_fadeout_animation&quot;:&quot;false&quot;,&quot;hoteller_ext_mobile_static&quot;:&quot;false&quot;}\" data-widget_type=\"text-editor.default\">\n\t\t\t\t<div class=\"elementor-widget-container\">\n\t\t\t<style>\/*! elementor - v3.13.0 - 08-05-2023 *\/\n.elementor-widget-text-editor.elementor-drop-cap-view-stacked .elementor-drop-cap{background-color:#69727d;color:#fff}.elementor-widget-text-editor.elementor-drop-cap-view-framed .elementor-drop-cap{color:#69727d;border:3px solid;background-color:transparent}.elementor-widget-text-editor:not(.elementor-drop-cap-view-default) .elementor-drop-cap{margin-top:8px}.elementor-widget-text-editor:not(.elementor-drop-cap-view-default) .elementor-drop-cap-letter{width:1em;height:1em}.elementor-widget-text-editor .elementor-drop-cap{float:left;text-align:center;line-height:1;font-size:50px}.elementor-widget-text-editor .elementor-drop-cap-letter{display:inline-block}<\/style>\t\t\t\t<p><strong>Check In:<\/strong><\/p>\n<p>Ab 14:00<\/p>\n<p class=\"hp-checkin-extra\">Die G\u00e4ste m\u00fcssen beim Einchecken einen Lichtbildausweis vorlegen.<br \/>Bei Ihrer Ankunft werden Sie von einem Gastgeber empfangen, der Sie durch die Villa f\u00fchrt.<\/p>\n<hr>\n<p><strong>Check Out:<\/strong><\/p>\n<p>Bis 11:00<\/p>\n<p><strong>Ist das rauchen erlaubt?<\/strong><\/p>\n<p>Rauchen ist in Innenr\u00e4umen nicht erlaubt, nur in Au\u00dfenbereichen<\/p>\n<hr>\n<p><strong>Haustiere:<\/strong><\/p>\n<p>Haustiere sind im Saint Nicholas Resort willkommen.<\/p>\n<hr>\n<p><strong>Bieten Sie einen Transfer zum Hafen an?<\/strong><\/p>\n<p>Ja, wir bieten private Transfers vom\/zum Hafen von Kythnos an. Der Hafen von Merichas liegt 10 km vom Saint Nicholas Resort entfernt.<\/p>\n<hr>\n<p><strong>Bieten Sie einen Transfer zum Hubschrauberlandeplatz an?<\/strong><\/p>\n<p>Ja, wir bieten private Transfers vom\/zum Hubschrauberlandeplatz auf Kythnos an. Der Hubschrauberlandeplatz befindet sich 300 m vom Saint Nicholas Resort entfernt.<\/p>\n<hr>\n<p><strong>Zugang zum Saint Nicholas Resort<\/strong><\/p>\n<p>Das Saint Nicholas Resort ist mit dem Auto, dem Hubschrauber und dem Boot leicht zu erreichen.<\/p>\n<p>Der Hafen von Merichas ist vom Hafen von Pir\u00e4us (Athen) und anderen H\u00e4fen der nahe gelegenen Inseln aus erreichbar. Sie k\u00f6nnen die Insel jederzeit mit dem Hubschrauber erreichen, da es einen \u00f6rtlichen Hubschrauberlandeplatz gibt, oder mit einem privaten Boot.<\/p>\n<hr>\n<p><strong>Stornierungs- und Zahlungsbedingungen:<\/strong><\/p>\n<p>Die Stornierungs- und Zahlungsbedingungen variieren je nach Art der Unterkunft. Bitte pr\u00fcfen Sie, welche <a id=\"rm_cond_link\" href=\"https:\/\/saint-nicholas-resort.com\/de\/stornierungsbedingungen-fuer-buchungen\/\">Bedingungen<\/a> f\u00fcr Ihre Auswahl gelten k\u00f6nnen.<\/p>\n\t\t\t\t\t\t<\/div>\n\t\t\t\t<\/div>\n\t\t\t\t\t<\/div>\n\t\t<\/div>\n\t\t\t\t\t\t\t<\/div>\n\t\t<\/section>\n\t\t\t\t\t\t\t<\/div>\n\t\t","protected":false},"excerpt":{"rendered":"<p>Check In: Ab 14:00 Die G\u00e4ste m\u00fcssen beim Einchecken einen Lichtbildausweis vorlegen.Bei Ihrer Ankunft werden Sie von einem Gastgeber empfangen, der Sie durch die Villa f\u00fchrt. Check Out: Bis 11:00 Ist das rauchen erlaubt? Rauchen ist in Innenr\u00e4umen nicht erlaubt, [&hellip;]<\/p>\n","protected":false},"author":1,"featured_media":0,"parent":0,"menu_order":0,"comment_status":"closed","ping_status":"closed","template":"","meta":{"footnotes":""},"class_list":["post-6026","page","type-page","status-publish","hentry"],"aioseo_notices":[],"_links":{"self":[{"href":"https:\/\/saint-nicholas-resort.com\/de\/wp-json\/wp\/v2\/pages\/6026","targetHints":{"allow":["GET"]}}],"collection":[{"href":"https:\/\/saint-nicholas-resort.com\/de\/wp-json\/wp\/v2\/pages"}],"about":[{"href":"https:\/\/saint-nicholas-resort.com\/de\/wp-json\/wp\/v2\/types\/page"}],"author":[{"embeddable":true,"href":"https:\/\/saint-nicholas-resort.com\/de\/wp-json\/wp\/v2\/users\/1"}],"replies":[{"embeddable":true,"href":"https:\/\/saint-nicholas-resort.com\/de\/wp-json\/wp\/v2\/comments?post=6026"}],"version-history":[{"count":3,"href":"https:\/\/saint-nicholas-resort.com\/de\/wp-json\/wp\/v2\/pages\/6026\/revisions"}],"predecessor-version":[{"id":7330,"href":"https:\/\/saint-nicholas-resort.com\/de\/wp-json\/wp\/v2\/pages\/6026\/revisions\/7330"}],"wp:attachment":[{"href":"https:\/\/saint-nicholas-resort.com\/de\/wp-json\/wp\/v2\/media?parent=6026"}],"curies":[{"name":"wp","href":"https:\/\/api.w.org\/{rel}","templated":true}]}}